{"id":14,"date":"2024-01-12T22:38:17","date_gmt":"2024-01-12T22:38:17","guid":{"rendered":"http:\/\/ics\/?page_id=14"},"modified":"2025-03-13T16:40:59","modified_gmt":"2025-03-13T16:40:59","slug":"marco-normativo","status":"publish","type":"page","link":"https:\/\/www.ics.gob.cu\/en\/marco-normativo\/","title":{"rendered":"Legal Framework"},"content":{"rendered":"<p>A partir de hoy entra en vigor la Ley 167\/2023 y el Decreto 112\/2024 del Sistema de Atenci\u00f3n a las Quejas y Peticiones de las Personas. Esta normativa, primera de su tipo en el pa\u00eds, regular\u00e1 a nivel nacional los tr\u00e1mites de las demandas de los ciudadanos hacia las instituciones.<\/p>\n\n\n\n<div data-wp-interactive=\"core\/file\" class=\"wp-block-file\"><object data-wp-bind--hidden=\"!state.hasPdfPreview\" hidden class=\"wp-block-file__embed\" data=\"https:\/\/www.ics.gob.cu\/wp-content\/uploads\/2025\/03\/goc-2024-o123.pdf\" type=\"application\/pdf\" style=\"width:100%;height:600px\" aria-label=\"Embed of Ley 167\/2023 y Decreto 112\/2024 del Sistema de Atenci\u00f3n a las Quejas y Peticiones de las Personas.\"><\/object><a id=\"wp-block-file--media-1513a038-da5f-4cce-a566-c75a1101bf21\" href=\"https:\/\/www.ics.gob.cu\/wp-content\/uploads\/2025\/03\/goc-2024-o123.pdf\">LAW 167\/2023 AND DECREE 112\/2024 ON THE SYSTEM FOR PROCESSING COMPLAINTS OF THE PUBLIC<\/a><a href=\"https:\/\/www.ics.gob.cu\/wp-content\/uploads\/2025\/03\/goc-2024-o123.pdf\" class=\"wp-block-file__button wp-element-button\" download aria-describedby=\"wp-block-file--media-1513a038-da5f-4cce-a566-c75a1101bf21\">Descarga<\/a><\/div>","protected":false},"excerpt":{"rendered":"<p>A partir de hoy entra en vigor la Ley 167\/2023 y el Decreto 112\/2024 del Sistema de Atenci\u00f3n a las Quejas y Peticiones de las Personas. Esta normativa, primera de su tipo en el pa\u00eds, regular\u00e1 a nivel nacional los tr\u00e1mites de las demandas de los ciudadanos hacia las instituciones.<\/p>","protected":false},"author":2,"featured_media":6720,"parent":0,"menu_order":0,"comment_status":"closed","ping_status":"closed","template":"","meta":{"_bbp_topic_count":0,"_bbp_reply_count":0,"_bbp_total_topic_count":0,"_bbp_total_reply_count":0,"_bbp_voice_count":0,"_bbp_anonymous_reply_count":0,"_bbp_topic_count_hidden":0,"_bbp_reply_count_hidden":0,"_bbp_forum_subforum_count":0,"_glsr_average":0,"_glsr_ranking":0,"_glsr_reviews":0,"footnotes":""},"class_list":["post-14","page","type-page","status-publish","has-post-thumbnail","hentry"],"acf":[],"_links":{"self":[{"href":"https:\/\/www.ics.gob.cu\/en\/wp-json\/wp\/v2\/pages\/14","targetHints":{"allow":["GET"]}}],"collection":[{"href":"https:\/\/www.ics.gob.cu\/en\/wp-json\/wp\/v2\/pages"}],"about":[{"href":"https:\/\/www.ics.gob.cu\/en\/wp-json\/wp\/v2\/types\/page"}],"author":[{"embeddable":true,"href":"https:\/\/www.ics.gob.cu\/en\/wp-json\/wp\/v2\/users\/2"}],"replies":[{"embeddable":true,"href":"https:\/\/www.ics.gob.cu\/en\/wp-json\/wp\/v2\/comments?post=14"}],"version-history":[{"count":2,"href":"https:\/\/www.ics.gob.cu\/en\/wp-json\/wp\/v2\/pages\/14\/revisions"}],"predecessor-version":[{"id":6721,"href":"https:\/\/www.ics.gob.cu\/en\/wp-json\/wp\/v2\/pages\/14\/revisions\/6721"}],"wp:featuredmedia":[{"embeddable":true,"href":"https:\/\/www.ics.gob.cu\/en\/wp-json\/wp\/v2\/media\/6720"}],"wp:attachment":[{"href":"https:\/\/www.ics.gob.cu\/en\/wp-json\/wp\/v2\/media?parent=14"}],"curies":[{"name":"wp","href":"https:\/\/api.w.org\/{rel}","templated":true}]}}