{"id":5190,"date":"2024-01-12T15:33:19","date_gmt":"2024-01-12T15:33:19","guid":{"rendered":"https:\/\/www.ics.gob.cu\/?page_id=9"},"modified":"2026-04-13T16:27:51","modified_gmt":"2026-04-13T16:27:51","slug":"portada","status":"publish","type":"page","link":"https:\/\/www.ics.gob.cu\/en\/","title":{"rendered":"Lo que debes conocer sobre la V Edici\u00f3n del  Coloquio Patria"},"content":{"rendered":"<p>Desde sus inicios este evento ha reunido a expertos en comunicaci\u00f3n, periodistas y estudiantes en torno a debates relacionados con este campo.<\/p>\n\n\n\n<p>&#8211; Tendr\u00e1 lugar entre los d\u00edas 16 y 18 de abril pr\u00f3ximos.<\/p>\n\n\n\n<p> &#8211; Hasta el momento, se estima la asistencia de unos 150 participantes internacionales, de los cuales 100 ya tienen confirmada su presencia.<\/p>\n\n\n\n<p>&#8211; Pa\u00edses como M\u00e9xico y Rusia tendr\u00e1n una participaci\u00f3n especial, lo que subraya la diversidad y el alcance del evento.<\/p>\n\n\n\n<p>&#8211; La presente edici\u00f3n del Coloquio Internacional Patria tendr\u00e1 como sede central la Estaci\u00f3n Cultural de L\u00ednea y 18 en la capital. <\/p>\n\n\n\n<p>&#8211; Adem\u00e1s del programa central, se llevar\u00e1n a cabo talleres alternativos, impartidos por especialistas de alto nivel que estar\u00e1n presentes en Cuba.<\/p>\n\n\n\n<p>&#8211; La comunicaci\u00f3n en Cuba y c\u00f3mo una articulaci\u00f3n m\u00e1s eficiente con las herramientas tecnol\u00f3gicas disponibles, la digitalizaci\u00f3n y la tecnolog\u00eda en los medios, la inteligencia artificial y su aplicaci\u00f3n en la construcci\u00f3n de productos period\u00edsticos para redes sociales.  ser\u00e1n ejes transversales de esta edici\u00f3n. <\/p>\n\n\n\n<p>&#8211; El evento contar\u00e1 con una modalidad virtual, dise\u00f1ada para que comunicadores de otras provincias puedan sumarse a los debates y al proceso de intercambio de conocimientos. <\/p>\n\n\n\n<p>&#8211; Cada jornada se estructurar\u00e1 con dos paneles en el horario matutino y uno por la tarde.<\/p>\n\n\n\n<p>&#8211; Complementar\u00e1n con actividades culturales, proyecciones cinematogr\u00e1ficas y propuestas pensadas para que el p\u00fablico conozca el estado actual de la comunicaci\u00f3n en Cuba y el mundo. <\/p>\n\n\n\n<p>&#8211; Se abrir\u00e1 espacios para explorar las experiencias que, desde el sector privado, se est\u00e1n gestando en el \u00e1mbito comunicacional, particularmente aquellas vinculadas a las nuevas din\u00e1micas econ\u00f3micas del pa\u00eds.<\/p>\n\n\n\n<p>&#8211; Un hito particular de esta quinta edici\u00f3n ser\u00e1 la inauguraci\u00f3n de la sede del Proyecto Patria.<\/p>\n\n\n\n<p><\/p>","protected":false},"excerpt":{"rendered":"<p>Desde sus inicios este evento ha reunido a expertos en comunicaci\u00f3n, periodistas y estudiantes en torno a debates relacionados con este campo. &#8211; Tendr\u00e1 lugar entre los d\u00edas 16 y 18 de abril pr\u00f3ximos. &#8211; Hasta el momento, se estima la asistencia de unos 150 participantes internacionales, de los cuales 100 ya tienen confirmada su [&hellip;]<\/p>\n","protected":false},"author":7,"featured_media":9851,"parent":0,"menu_order":0,"comment_status":"closed","ping_status":"closed","template":"","meta":{"_bbp_topic_count":0,"_bbp_reply_count":0,"_bbp_total_topic_count":0,"_bbp_total_reply_count":0,"_bbp_voice_count":0,"_bbp_anonymous_reply_count":0,"_bbp_topic_count_hidden":0,"_bbp_reply_count_hidden":0,"_bbp_forum_subforum_count":0,"_glsr_average":0,"_glsr_ranking":0,"_glsr_reviews":0,"footnotes":""},"class_list":["post-5190","page","type-page","status-publish","has-post-thumbnail","hentry"],"acf":[],"_links":{"self":[{"href":"https:\/\/www.ics.gob.cu\/en\/wp-json\/wp\/v2\/pages\/5190","targetHints":{"allow":["GET"]}}],"collection":[{"href":"https:\/\/www.ics.gob.cu\/en\/wp-json\/wp\/v2\/pages"}],"about":[{"href":"https:\/\/www.ics.gob.cu\/en\/wp-json\/wp\/v2\/types\/page"}],"author":[{"embeddable":true,"href":"https:\/\/www.ics.gob.cu\/en\/wp-json\/wp\/v2\/users\/7"}],"replies":[{"embeddable":true,"href":"https:\/\/www.ics.gob.cu\/en\/wp-json\/wp\/v2\/comments?post=5190"}],"version-history":[{"count":59,"href":"https:\/\/www.ics.gob.cu\/en\/wp-json\/wp\/v2\/pages\/5190\/revisions"}],"predecessor-version":[{"id":9854,"href":"https:\/\/www.ics.gob.cu\/en\/wp-json\/wp\/v2\/pages\/5190\/revisions\/9854"}],"wp:featuredmedia":[{"embeddable":true,"href":"https:\/\/www.ics.gob.cu\/en\/wp-json\/wp\/v2\/media\/9851"}],"wp:attachment":[{"href":"https:\/\/www.ics.gob.cu\/en\/wp-json\/wp\/v2\/media?parent=5190"}],"curies":[{"name":"wp","href":"https:\/\/api.w.org\/{rel}","templated":true}]}}